{"id":1958,"date":"2020-05-07T08:35:38","date_gmt":"2020-05-07T08:35:38","guid":{"rendered":"http:\/\/localhost\/theratio\/?page_id=1958"},"modified":"2026-04-09T06:39:51","modified_gmt":"2026-04-09T06:39:51","slug":"about-us","status":"publish","type":"page","link":"https:\/\/agenciareborn.cl\/index.php\/about-us\/","title":{"rendered":"Nosotros"},"content":{"rendered":"\t\t<div data-elementor-type=\"wp-page\" data-elementor-id=\"1958\" class=\"elementor elementor-1958\" data-elementor-post-type=\"page\">\n\t\t\t\t\t\t<section class=\"elementor-section elementor-top-section elementor-element elementor-element-bdd9939 elementor-section-content-middle elementor-section-boxed elementor-section-height-default elementor-section-height-default\" data-id=\"bdd9939\" data-element_type=\"section\" data-e-type=\"section\" data-settings=\"{&quot;background_background&quot;:&quot;classic&quot;,&quot;shape_divider_top&quot;:&quot;split&quot;,&quot;shape_divider_bottom&quot;:&quot;curve-asymmetrical&quot;}\">\n\t\t\t\t\t<div class=\"elementor-shape elementor-shape-top\" aria-hidden=\"true\" data-negative=\"false\">\n\t\t\t<svg xmlns=\"http:\/\/www.w3.org\/2000\/svg\" viewBox=\"0 0 1000 20\" preserveAspectRatio=\"none\">\n\t<path class=\"elementor-shape-fill\" d=\"M0,0v3c0,0,393.8,0,483.4,0c9.2,0,16.6,7.4,16.6,16.6c0-9.1,7.4-16.6,16.6-16.6C606.2,3,1000,3,1000,3V0H0z\"\/>\n<\/svg>\t\t<\/div>\n\t\t\t\t<div class=\"elementor-shape elementor-shape-bottom\" aria-hidden=\"true\" data-negative=\"false\">\n\t\t\t<svg xmlns=\"http:\/\/www.w3.org\/2000\/svg\" viewBox=\"0 0 1000 100\" preserveAspectRatio=\"none\">\n\t<path class=\"elementor-shape-fill\" d=\"M0,0c0,0,0,6,0,6.7c0,18,240.2,93.6,615.2,92.6C989.8,98.5,1000,25,1000,6.7c0-0.7,0-6.7,0-6.7H0z\"\/>\n<\/svg>\t\t<\/div>\n\t\t\t\t\t<div class=\"elementor-container elementor-column-gap-extended\">\n\t\t\t\t\t<div class=\"elementor-column elementor-col-50 elementor-top-column elementor-element elementor-element-12b070d ot-flex-column-vertical\" data-id=\"12b070d\" data-element_type=\"column\" data-e-type=\"column\">\n\t\t\t<div class=\"elementor-widget-wrap elementor-element-populated\">\n\t\t\t\t\t\t<div class=\"elementor-element elementor-element-ea70568 elementor-widget elementor-widget-image\" data-id=\"ea70568\" data-element_type=\"widget\" data-e-type=\"widget\" data-widget_type=\"image.default\">\n\t\t\t\t<div class=\"elementor-widget-container\">\n\t\t\t\t\t\t\t\t\t\t\t\t\t\t\t<img fetchpriority=\"high\" decoding=\"async\" width=\"2560\" height=\"2342\" src=\"https:\/\/agenciareborn.cl\/wp-content\/uploads\/2026\/03\/imagen-web-scaled.png\" class=\"attachment-full size-full wp-image-6072\" alt=\"\" srcset=\"https:\/\/agenciareborn.cl\/wp-content\/uploads\/2026\/03\/imagen-web-scaled.png 2560w, https:\/\/agenciareborn.cl\/wp-content\/uploads\/2026\/03\/imagen-web-300x274.png 300w, https:\/\/agenciareborn.cl\/wp-content\/uploads\/2026\/03\/imagen-web-1024x937.png 1024w, https:\/\/agenciareborn.cl\/wp-content\/uploads\/2026\/03\/imagen-web-768x703.png 768w, https:\/\/agenciareborn.cl\/wp-content\/uploads\/2026\/03\/imagen-web-1536x1405.png 1536w, https:\/\/agenciareborn.cl\/wp-content\/uploads\/2026\/03\/imagen-web-2048x1874.png 2048w\" sizes=\"(max-width: 2560px) 100vw, 2560px\" \/>\t\t\t\t\t\t\t\t\t\t\t\t\t\t\t<\/div>\n\t\t\t\t<\/div>\n\t\t\t\t\t<\/div>\n\t\t<\/div>\n\t\t\t\t<div class=\"elementor-column elementor-col-50 elementor-top-column elementor-element elementor-element-c955026 ot-flex-column-vertical\" data-id=\"c955026\" data-element_type=\"column\" data-e-type=\"column\">\n\t\t\t<div class=\"elementor-widget-wrap elementor-element-populated\">\n\t\t\t\t\t\t<div class=\"elementor-element elementor-element-94474d6 elementor-widget elementor-widget-iheading\" data-id=\"94474d6\" data-element_type=\"widget\" data-e-type=\"widget\" data-widget_type=\"iheading.default\">\n\t\t\t\t<div class=\"elementor-widget-container\">\n\t\t\t\t\t\t\t<div class=\"ot-heading is-dots\">\r\n\t        <span>[ SOBRE NOSOTROS ]<\/span>\t        <h2 class=\"main-heading\">Soluciones de Alto Impacto<\/h2>\t    <\/div>\r\n\t    \t\t\t\t<\/div>\n\t\t\t\t<\/div>\n\t\t\t\t<div class=\"elementor-element elementor-element-4408703 elementor-widget elementor-widget-text-editor\" data-id=\"4408703\" data-element_type=\"widget\" data-e-type=\"widget\" data-widget_type=\"text-editor.default\">\n\t\t\t\t<div class=\"elementor-widget-container\">\n\t\t\t\t\t\t\t\t\tNuestra filosof\u00eda es crear experiencias de marca memorables mediante un desarrollo \u00e1gil y ejecuciones impecables. Incluso si solo tienes una idea inicial, nosotros nos encargamos de transformarla en una realidad t\u00e9cnica y est\u00e9tica que supere tus expectativas.\t\t\t\t\t\t\t\t<\/div>\n\t\t\t\t<\/div>\n\t\t\t\t<div class=\"elementor-element elementor-element-f73b984 elementor-widget elementor-widget-ibutton\" data-id=\"f73b984\" data-element_type=\"widget\" data-e-type=\"widget\" data-widget_type=\"ibutton.default\">\n\t\t\t\t<div class=\"elementor-widget-container\">\n\t\t\t\t\t\t\t<div class=\"ot-button\">\r\n\t\t\t<a href=\"https:\/\/agenciareborn.cl\/index.php\/alianzas-estrategicas\/\" class=\"octf-btn octf-btn-dark no-line\">VER PROYECTOS<\/a>\r\n\t    <\/div>\r\n\t    \t\t\t\t<\/div>\n\t\t\t\t<\/div>\n\t\t\t\t\t<\/div>\n\t\t<\/div>\n\t\t\t\t\t<\/div>\n\t\t<\/section>\n\t\t\t\t<section class=\"elementor-section elementor-top-section elementor-element elementor-element-a885e6e elementor-section-boxed elementor-section-height-default elementor-section-height-default\" data-id=\"a885e6e\" data-element_type=\"section\" data-e-type=\"section\" data-settings=\"{&quot;background_background&quot;:&quot;classic&quot;}\">\n\t\t\t\t\t\t<div class=\"elementor-container elementor-column-gap-default\">\n\t\t\t\t\t<div class=\"elementor-column elementor-col-100 elementor-top-column elementor-element elementor-element-80dda1e ot-flex-column-vertical\" data-id=\"80dda1e\" data-element_type=\"column\" data-e-type=\"column\">\n\t\t\t<div class=\"elementor-widget-wrap elementor-element-populated\">\n\t\t\t\t\t\t<div class=\"elementor-element elementor-element-04ddae5 theratio-align-center elementor-widget elementor-widget-iheading\" data-id=\"04ddae5\" data-element_type=\"widget\" data-e-type=\"widget\" data-widget_type=\"iheading.default\">\n\t\t\t\t<div class=\"elementor-widget-container\">\n\t\t\t\t\t\t\t<div class=\"ot-heading is-dots\">\r\n\t        <span>[ NUESTRA ESTRATEGIA ]<\/span>\t        <h2 class=\"main-heading\">Nuestra Filosof\u00eda<\/h2>\t    <\/div>\r\n\t    \t\t\t\t<\/div>\n\t\t\t\t<\/div>\n\t\t\t\t<section class=\"elementor-section elementor-inner-section elementor-element elementor-element-b820fc7 elementor-section-full_width elementor-section-height-default elementor-section-height-default\" data-id=\"b820fc7\" data-element_type=\"section\" data-e-type=\"section\">\n\t\t\t\t\t\t<div class=\"elementor-container elementor-column-gap-extended\">\n\t\t\t\t\t<div class=\"elementor-column elementor-col-33 elementor-inner-column elementor-element elementor-element-33a2c31 ot-flex-column-vertical\" data-id=\"33a2c31\" data-element_type=\"column\" data-e-type=\"column\">\n\t\t\t<div class=\"elementor-widget-wrap elementor-element-populated\">\n\t\t\t\t\t\t<div class=\"elementor-element elementor-element-43416c5 elementor-widget elementor-widget-iflip_box\" data-id=\"43416c5\" data-element_type=\"widget\" data-e-type=\"widget\" data-widget_type=\"iflip_box.default\">\n\t\t\t\t<div class=\"elementor-widget-container\">\n\t\t\t\t\t\r\n\t\t<div class=\"support-box\">\r\n\t\t\t<div class=\"inner-box\">\r\n\t\t\t\t<div class=\"overlay flex-middle\">\r\n\t\t\t\t\t<div class=\"inner\">\r\n\t\t\t\t\t\t<p>Entregar soluciones de branding e implementaci\u00f3n de alta gama con agilidad y precisi\u00f3n en todo el Cono Sur.<\/p>\r\n\t\t\t\t\t<\/div>\r\n\t\t\t\t<\/div>\r\n\t\t\t\t<div class=\"content-box\">\r\n\t\t\t\t\t<div class=\"icon-title\">\r\n\t\t\t\t        \t\t\t\t        \t<svg xmlns=\"http:\/\/www.w3.org\/2000\/svg\" viewBox=\"0 0 24 24\" fill=\"none\" stroke=\"#1fb1d8\" stroke-width=\"1.5\" stroke-linecap=\"round\" stroke-linejoin=\"round\"><circle cx=\"12\" cy=\"12\" r=\"8\"><\/circle><path d=\"M12 8.5 V12 L14.5 14.5\"><\/path><path d=\"M12 3 V2\"><\/path><path d=\"M21 12 H22\"><\/path><path d=\"M12 21 V22\"><\/path><path d=\"M3 12 H2\"><\/path><\/svg>\t\t\t\t        \t\t\t\t        \t\t\t\t        <h5 class=\"support-box-title\">NUESTRA MISI\u00d3N<\/h5>\t\t\t        <\/div>\r\n\t\t\t\t\t<img decoding=\"async\" width=\"1024\" height=\"1024\" src=\"https:\/\/agenciareborn.cl\/wp-content\/uploads\/2026\/03\/Colaboracion-creativa-en-oficina-moderna-ok.png\" class=\"attachment-full size-full wp-image-6398\" alt=\"\" srcset=\"https:\/\/agenciareborn.cl\/wp-content\/uploads\/2026\/03\/Colaboracion-creativa-en-oficina-moderna-ok.png 1024w, https:\/\/agenciareborn.cl\/wp-content\/uploads\/2026\/03\/Colaboracion-creativa-en-oficina-moderna-ok-300x300.png 300w, https:\/\/agenciareborn.cl\/wp-content\/uploads\/2026\/03\/Colaboracion-creativa-en-oficina-moderna-ok-150x150.png 150w, https:\/\/agenciareborn.cl\/wp-content\/uploads\/2026\/03\/Colaboracion-creativa-en-oficina-moderna-ok-768x768.png 768w, https:\/\/agenciareborn.cl\/wp-content\/uploads\/2026\/03\/Colaboracion-creativa-en-oficina-moderna-ok-720x720.png 720w\" sizes=\"(max-width: 1024px) 100vw, 1024px\" \/>\t\t\t\t<\/div>\r\n\t\t\t<\/div>\r\n\t    <\/div>\r\n\r\n\t    \t\t\t\t<\/div>\n\t\t\t\t<\/div>\n\t\t\t\t\t<\/div>\n\t\t<\/div>\n\t\t\t\t<div class=\"elementor-column elementor-col-33 elementor-inner-column elementor-element elementor-element-d8acae6 ot-flex-column-vertical\" data-id=\"d8acae6\" data-element_type=\"column\" data-e-type=\"column\">\n\t\t\t<div class=\"elementor-widget-wrap elementor-element-populated\">\n\t\t\t\t\t\t<div class=\"elementor-element elementor-element-670ad0b elementor-widget elementor-widget-iflip_box\" data-id=\"670ad0b\" data-element_type=\"widget\" data-e-type=\"widget\" data-widget_type=\"iflip_box.default\">\n\t\t\t\t<div class=\"elementor-widget-container\">\n\t\t\t\t\t\r\n\t\t<div class=\"support-box\">\r\n\t\t\t<div class=\"inner-box\">\r\n\t\t\t\t<div class=\"overlay flex-middle\">\r\n\t\t\t\t\t<div class=\"inner\">\r\n\t\t\t\t\t\t<p>Ser el referente regional en ejecuciones BTL, destacando por nuestra fabricaci\u00f3n propia y excelencia log\u00edstica.<\/p>\r\n\t\t\t\t\t<\/div>\r\n\t\t\t\t<\/div>\r\n\t\t\t\t<div class=\"content-box\">\r\n\t\t\t\t\t<div class=\"icon-title\">\r\n\t\t\t\t        \t\t\t\t        \t<svg xmlns=\"http:\/\/www.w3.org\/2000\/svg\" viewBox=\"0 0 24 24\" fill=\"none\" stroke=\"#1fb1d8\" stroke-width=\"1.5\" stroke-linecap=\"round\" stroke-linejoin=\"round\"><circle cx=\"6\" cy=\"12\" r=\"1.5\"><\/circle><path d=\"M7.5 12 L16 8\"><\/path><path d=\"M16 8 L14.5 8.5\"><\/path><path d=\"M16 8 L15 9.5\"><\/path><path d=\"M7.5 12 L16 16\"><\/path><\/svg>\t\t\t\t        \t\t\t\t        \t\t\t\t        <h5 class=\"support-box-title\">NUESTRA VISI\u00d3N<\/h5>\t\t\t        <\/div>\r\n\t\t\t\t\t<img decoding=\"async\" width=\"1024\" height=\"1024\" src=\"https:\/\/agenciareborn.cl\/wp-content\/uploads\/2026\/03\/Hombre-profesional-en-oficina-nocturna.png\" class=\"attachment-full size-full wp-image-6388\" alt=\"\" srcset=\"https:\/\/agenciareborn.cl\/wp-content\/uploads\/2026\/03\/Hombre-profesional-en-oficina-nocturna.png 1024w, https:\/\/agenciareborn.cl\/wp-content\/uploads\/2026\/03\/Hombre-profesional-en-oficina-nocturna-300x300.png 300w, https:\/\/agenciareborn.cl\/wp-content\/uploads\/2026\/03\/Hombre-profesional-en-oficina-nocturna-150x150.png 150w, https:\/\/agenciareborn.cl\/wp-content\/uploads\/2026\/03\/Hombre-profesional-en-oficina-nocturna-768x768.png 768w, https:\/\/agenciareborn.cl\/wp-content\/uploads\/2026\/03\/Hombre-profesional-en-oficina-nocturna-720x720.png 720w\" sizes=\"(max-width: 1024px) 100vw, 1024px\" \/>\t\t\t\t<\/div>\r\n\t\t\t<\/div>\r\n\t    <\/div>\r\n\r\n\t    \t\t\t\t<\/div>\n\t\t\t\t<\/div>\n\t\t\t\t\t<\/div>\n\t\t<\/div>\n\t\t\t\t<div class=\"elementor-column elementor-col-33 elementor-inner-column elementor-element elementor-element-58b2164 ot-flex-column-vertical\" data-id=\"58b2164\" data-element_type=\"column\" data-e-type=\"column\">\n\t\t\t<div class=\"elementor-widget-wrap elementor-element-populated\">\n\t\t\t\t\t\t<div class=\"elementor-element elementor-element-bb36af6 elementor-widget elementor-widget-iflip_box\" data-id=\"bb36af6\" data-element_type=\"widget\" data-e-type=\"widget\" data-widget_type=\"iflip_box.default\">\n\t\t\t\t<div class=\"elementor-widget-container\">\n\t\t\t\t\t\r\n\t\t<div class=\"support-box\">\r\n\t\t\t<div class=\"inner-box\">\r\n\t\t\t\t<div class=\"overlay flex-middle\">\r\n\t\t\t\t\t<div class=\"inner\">\r\n\t\t\t\t\t\t<p>Compromiso con la calidad, rapidez en la respuesta y una ejecuci\u00f3n impecable en cada metro cuadrado.<\/p>\r\n\t\t\t\t\t<\/div>\r\n\t\t\t\t<\/div>\r\n\t\t\t\t<div class=\"content-box\">\r\n\t\t\t\t\t<div class=\"icon-title\">\r\n\t\t\t\t        \t\t\t\t        \t<svg xmlns=\"http:\/\/www.w3.org\/2000\/svg\" viewBox=\"0 0 24 24\" fill=\"none\" stroke=\"#1fb1d8\" stroke-width=\"1.5\" stroke-linecap=\"round\" stroke-linejoin=\"round\"><path d=\"M6 16 H18\"><\/path><path d=\"M12 8 V16\"><\/path><path d=\"M8 12 L12 8 L16 12\"><\/path><\/svg>\t\t\t\t        \t\t\t\t        \t\t\t\t        <h5 class=\"support-box-title\">NUESTROS VALORES<\/h5>\t\t\t        <\/div>\r\n\t\t\t\t\t<img loading=\"lazy\" decoding=\"async\" width=\"1024\" height=\"1024\" src=\"https:\/\/agenciareborn.cl\/wp-content\/uploads\/2026\/03\/Acuerdo-profesional-en-oficina-moderna-ok.png\" class=\"attachment-full size-full wp-image-6394\" alt=\"\" srcset=\"https:\/\/agenciareborn.cl\/wp-content\/uploads\/2026\/03\/Acuerdo-profesional-en-oficina-moderna-ok.png 1024w, https:\/\/agenciareborn.cl\/wp-content\/uploads\/2026\/03\/Acuerdo-profesional-en-oficina-moderna-ok-300x300.png 300w, https:\/\/agenciareborn.cl\/wp-content\/uploads\/2026\/03\/Acuerdo-profesional-en-oficina-moderna-ok-150x150.png 150w, https:\/\/agenciareborn.cl\/wp-content\/uploads\/2026\/03\/Acuerdo-profesional-en-oficina-moderna-ok-768x768.png 768w, https:\/\/agenciareborn.cl\/wp-content\/uploads\/2026\/03\/Acuerdo-profesional-en-oficina-moderna-ok-720x720.png 720w\" sizes=\"(max-width: 1024px) 100vw, 1024px\" \/>\t\t\t\t<\/div>\r\n\t\t\t<\/div>\r\n\t    <\/div>\r\n\r\n\t    \t\t\t\t<\/div>\n\t\t\t\t<\/div>\n\t\t\t\t\t<\/div>\n\t\t<\/div>\n\t\t\t\t\t<\/div>\n\t\t<\/section>\n\t\t\t\t\t<\/div>\n\t\t<\/div>\n\t\t\t\t\t<\/div>\n\t\t<\/section>\n\t\t\t\t<section class=\"elementor-section elementor-top-section elementor-element elementor-element-84da9af elementor-section-boxed elementor-section-height-default elementor-section-height-default\" data-id=\"84da9af\" data-element_type=\"section\" data-e-type=\"section\">\n\t\t\t\t\t\t<div class=\"elementor-container elementor-column-gap-extended\">\n\t\t\t\t\t<div class=\"elementor-column elementor-col-50 elementor-top-column elementor-element elementor-element-2ebb682 ot-flex-column-vertical\" data-id=\"2ebb682\" data-element_type=\"column\" data-e-type=\"column\">\n\t\t\t<div class=\"elementor-widget-wrap elementor-element-populated\">\n\t\t\t\t\t\t<div class=\"elementor-element elementor-element-b97c7a0 elementor-widget elementor-widget-iheading\" data-id=\"b97c7a0\" data-element_type=\"widget\" data-e-type=\"widget\" data-widget_type=\"iheading.default\">\n\t\t\t\t<div class=\"elementor-widget-container\">\n\t\t\t\t\t\t\t<div class=\"ot-heading is-dots\">\r\n\t        <span>[ reborn ]<\/span>\t        <h2 class=\"main-heading\">LO QUE NOS DEFINE<\/h2>\t    <\/div>\r\n\t    \t\t\t\t<\/div>\n\t\t\t\t<\/div>\n\t\t\t\t<div class=\"elementor-element elementor-element-db77d9e elementor-widget elementor-widget-iaccordions\" data-id=\"db77d9e\" data-element_type=\"widget\" data-e-type=\"widget\" data-widget_type=\"iaccordions.default\">\n\t\t\t\t<div class=\"elementor-widget-container\">\n\t\t\t\t\t\r\n\t\t<div class=\"ot-accordions\">\r\n\t\t\t\t\t\t<div class=\"acc-item\">\r\n\t\t\t\t<div class=\"acc-toggle flex-middle\" data-default=\"yes\">Nos involucramos: \r\n\t\t\t\t\t\t\t\t\t\t\t\t\t\t\t\t\t\t<span class=\"down\"><svg xmlns=\"http:\/\/www.w3.org\/2000\/svg\" xmlns:xlink=\"http:\/\/www.w3.org\/1999\/xlink\" id=\"Capa_1\" x=\"0px\" y=\"0px\" viewBox=\"0 0 42 42\" style=\"enable-background:new 0 0 42 42;\" xml:space=\"preserve\"><polygon points=\"42,19 23,19 23,0 19,0 19,19 0,19 0,23 19,23 19,42 23,42 23,23 42,23 \"><\/polygon><g><\/g><g><\/g><g><\/g><g><\/g><g><\/g><g><\/g><g><\/g><g><\/g><g><\/g><g><\/g><g><\/g><g><\/g><g><\/g><g><\/g><g><\/g><\/svg><\/span>\r\n\t\t\t\t\t\t\t<span class=\"up\"><svg xmlns=\"http:\/\/www.w3.org\/2000\/svg\" xmlns:xlink=\"http:\/\/www.w3.org\/1999\/xlink\" id=\"Capa_1\" x=\"0px\" y=\"0px\" viewBox=\"0 0 42 42\" style=\"enable-background:new 0 0 42 42;\" xml:space=\"preserve\"><rect y=\"19\" width=\"42\" height=\"4\"><\/rect><g><\/g><g><\/g><g><\/g><g><\/g><g><\/g><g><\/g><g><\/g><g><\/g><g><\/g><g><\/g><g><\/g><g><\/g><g><\/g><g><\/g><g><\/g><\/svg><\/span>\r\n\t\t\t\t\t\t\t\t\t\t\t\t\t\t\t<\/div>\r\n\t\t\t\t<div class=\"acc-content\">\r\n\t\t\t\t\tTrabajamos como parte del equipo del cliente, comprendiendo sus desaf\u00edos y\nobjetivos antes de proponer soluciones.\t\t\t\t<\/div>\r\n\t\t\t<\/div>\r\n\t\t\t\t\t\t<div class=\"acc-item\">\r\n\t\t\t\t<div class=\"acc-toggle flex-middle\" data-default=\"\">Pensamos estrat\u00e9gicamente: \r\n\t\t\t\t\t\t\t\t\t\t\t\t\t\t\t\t\t\t<span class=\"down\"><svg xmlns=\"http:\/\/www.w3.org\/2000\/svg\" xmlns:xlink=\"http:\/\/www.w3.org\/1999\/xlink\" id=\"Capa_1\" x=\"0px\" y=\"0px\" viewBox=\"0 0 42 42\" style=\"enable-background:new 0 0 42 42;\" xml:space=\"preserve\"><polygon points=\"42,19 23,19 23,0 19,0 19,19 0,19 0,23 19,23 19,42 23,42 23,23 42,23 \"><\/polygon><g><\/g><g><\/g><g><\/g><g><\/g><g><\/g><g><\/g><g><\/g><g><\/g><g><\/g><g><\/g><g><\/g><g><\/g><g><\/g><g><\/g><g><\/g><\/svg><\/span>\r\n\t\t\t\t\t\t\t<span class=\"up\"><svg xmlns=\"http:\/\/www.w3.org\/2000\/svg\" xmlns:xlink=\"http:\/\/www.w3.org\/1999\/xlink\" id=\"Capa_1\" x=\"0px\" y=\"0px\" viewBox=\"0 0 42 42\" style=\"enable-background:new 0 0 42 42;\" xml:space=\"preserve\"><rect y=\"19\" width=\"42\" height=\"4\"><\/rect><g><\/g><g><\/g><g><\/g><g><\/g><g><\/g><g><\/g><g><\/g><g><\/g><g><\/g><g><\/g><g><\/g><g><\/g><g><\/g><g><\/g><g><\/g><\/svg><\/span>\r\n\t\t\t\t\t\t\t\t\t\t\t\t\t\t\t<\/div>\r\n\t\t\t\t<div class=\"acc-content\">\r\n\t\t\t\t\tCada iniciativa responde a una visi\u00f3n global alineando marketing,\nejecuci\u00f3n y objetivos comerciales.\t\t\t\t<\/div>\r\n\t\t\t<\/div>\r\n\t\t\t\t\t\t<div class=\"acc-item\">\r\n\t\t\t\t<div class=\"acc-toggle flex-middle\" data-default=\"\">Ejecutamos con criterio: \r\n\t\t\t\t\t\t\t\t\t\t\t\t\t\t\t\t\t\t<span class=\"down\"><svg xmlns=\"http:\/\/www.w3.org\/2000\/svg\" xmlns:xlink=\"http:\/\/www.w3.org\/1999\/xlink\" id=\"Capa_1\" x=\"0px\" y=\"0px\" viewBox=\"0 0 42 42\" style=\"enable-background:new 0 0 42 42;\" xml:space=\"preserve\"><polygon points=\"42,19 23,19 23,0 19,0 19,19 0,19 0,23 19,23 19,42 23,42 23,23 42,23 \"><\/polygon><g><\/g><g><\/g><g><\/g><g><\/g><g><\/g><g><\/g><g><\/g><g><\/g><g><\/g><g><\/g><g><\/g><g><\/g><g><\/g><g><\/g><g><\/g><\/svg><\/span>\r\n\t\t\t\t\t\t\t<span class=\"up\"><svg xmlns=\"http:\/\/www.w3.org\/2000\/svg\" xmlns:xlink=\"http:\/\/www.w3.org\/1999\/xlink\" id=\"Capa_1\" x=\"0px\" y=\"0px\" viewBox=\"0 0 42 42\" style=\"enable-background:new 0 0 42 42;\" xml:space=\"preserve\"><rect y=\"19\" width=\"42\" height=\"4\"><\/rect><g><\/g><g><\/g><g><\/g><g><\/g><g><\/g><g><\/g><g><\/g><g><\/g><g><\/g><g><\/g><g><\/g><g><\/g><g><\/g><g><\/g><g><\/g><\/svg><\/span>\r\n\t\t\t\t\t\t\t\t\t\t\t\t\t\t\t<\/div>\r\n\t\t\t\t<div class=\"acc-content\">\r\n\t\t\t\t\t<p>Coordinamos y gestionamos proyectos cuidando cada detalle con foco en<br \/>eficiencia.<\/p>\t\t\t\t<\/div>\r\n\t\t\t<\/div>\r\n\t\t\t\t\t\t<div class=\"acc-item\">\r\n\t\t\t\t<div class=\"acc-toggle flex-middle\" data-default=\"\">Construimos relaciones: \r\n\t\t\t\t\t\t\t\t\t\t\t\t\t\t\t\t\t\t<span class=\"down\"><svg xmlns=\"http:\/\/www.w3.org\/2000\/svg\" xmlns:xlink=\"http:\/\/www.w3.org\/1999\/xlink\" id=\"Capa_1\" x=\"0px\" y=\"0px\" viewBox=\"0 0 42 42\" style=\"enable-background:new 0 0 42 42;\" xml:space=\"preserve\"><polygon points=\"42,19 23,19 23,0 19,0 19,19 0,19 0,23 19,23 19,42 23,42 23,23 42,23 \"><\/polygon><g><\/g><g><\/g><g><\/g><g><\/g><g><\/g><g><\/g><g><\/g><g><\/g><g><\/g><g><\/g><g><\/g><g><\/g><g><\/g><g><\/g><g><\/g><\/svg><\/span>\r\n\t\t\t\t\t\t\t<span class=\"up\"><svg xmlns=\"http:\/\/www.w3.org\/2000\/svg\" xmlns:xlink=\"http:\/\/www.w3.org\/1999\/xlink\" id=\"Capa_1\" x=\"0px\" y=\"0px\" viewBox=\"0 0 42 42\" style=\"enable-background:new 0 0 42 42;\" xml:space=\"preserve\"><rect y=\"19\" width=\"42\" height=\"4\"><\/rect><g><\/g><g><\/g><g><\/g><g><\/g><g><\/g><g><\/g><g><\/g><g><\/g><g><\/g><g><\/g><g><\/g><g><\/g><g><\/g><g><\/g><g><\/g><\/svg><\/span>\r\n\t\t\t\t\t\t\t\t\t\t\t\t\t\t\t<\/div>\r\n\t\t\t\t<div class=\"acc-content\">\r\n\t\t\t\t\tApostamos por v\u00ednculos de largo plazo basados en confianza y\nacompa\u00f1amiento constante.\t\t\t\t<\/div>\r\n\t\t\t<\/div>\r\n\t\t\t\t    <\/div>\r\n\r\n\t    \t\t\t\t<\/div>\n\t\t\t\t<\/div>\n\t\t\t\t\t<\/div>\n\t\t<\/div>\n\t\t\t\t<div class=\"elementor-column elementor-col-50 elementor-top-column elementor-element elementor-element-94d1f27 ot-flex-column-vertical\" data-id=\"94d1f27\" data-element_type=\"column\" data-e-type=\"column\">\n\t\t\t<div class=\"elementor-widget-wrap elementor-element-populated\">\n\t\t\t\t\t\t<div class=\"elementor-element elementor-element-4ac73e6 elementor-widget elementor-widget-image\" data-id=\"4ac73e6\" data-element_type=\"widget\" data-e-type=\"widget\" data-widget_type=\"image.default\">\n\t\t\t\t<div class=\"elementor-widget-container\">\n\t\t\t\t\t\t\t\t\t\t\t\t\t\t\t<img loading=\"lazy\" decoding=\"async\" width=\"1093\" height=\"1119\" src=\"https:\/\/agenciareborn.cl\/wp-content\/uploads\/2026\/03\/reborn-agencia-nosotros.png\" class=\"attachment-full size-full wp-image-6409\" alt=\"\" srcset=\"https:\/\/agenciareborn.cl\/wp-content\/uploads\/2026\/03\/reborn-agencia-nosotros.png 1093w, https:\/\/agenciareborn.cl\/wp-content\/uploads\/2026\/03\/reborn-agencia-nosotros-293x300.png 293w, https:\/\/agenciareborn.cl\/wp-content\/uploads\/2026\/03\/reborn-agencia-nosotros-1000x1024.png 1000w, https:\/\/agenciareborn.cl\/wp-content\/uploads\/2026\/03\/reborn-agencia-nosotros-768x786.png 768w\" sizes=\"(max-width: 1093px) 100vw, 1093px\" \/>\t\t\t\t\t\t\t\t\t\t\t\t\t\t\t<\/div>\n\t\t\t\t<\/div>\n\t\t\t\t\t<\/div>\n\t\t<\/div>\n\t\t\t\t\t<\/div>\n\t\t<\/section>\n\t\t\t\t<\/div>\n\t\t","protected":false},"excerpt":{"rendered":"<p>[ SOBRE NOSOTROS ] Soluciones de Alto Impacto Nuestra filosof\u00eda es crear experiencias de marca memorables mediante un desarrollo \u00e1gil y ejecuciones impecables. Incluso si solo tienes una idea inicial, nosotros nos encargamos de transformarla en una realidad t\u00e9cnica y est\u00e9tica que supere tus expectativas. VER PROYECTOS [ NUESTRA ESTRATEGIA ] Nuestra Filosof\u00eda Entregar soluciones [&hellip;]<\/p>\n","protected":false},"author":1,"featured_media":0,"parent":0,"menu_order":0,"comment_status":"closed","ping_status":"closed","template":"","meta":{"rs_blank_template":"","rs_page_bg_color":"","slide_template_v7":"","footnotes":""},"class_list":["post-1958","page","type-page","status-publish","hentry"],"_links":{"self":[{"href":"https:\/\/agenciareborn.cl\/index.php\/wp-json\/wp\/v2\/pages\/1958","targetHints":{"allow":["GET"]}}],"collection":[{"href":"https:\/\/agenciareborn.cl\/index.php\/wp-json\/wp\/v2\/pages"}],"about":[{"href":"https:\/\/agenciareborn.cl\/index.php\/wp-json\/wp\/v2\/types\/page"}],"author":[{"embeddable":true,"href":"https:\/\/agenciareborn.cl\/index.php\/wp-json\/wp\/v2\/users\/1"}],"replies":[{"embeddable":true,"href":"https:\/\/agenciareborn.cl\/index.php\/wp-json\/wp\/v2\/comments?post=1958"}],"version-history":[{"count":79,"href":"https:\/\/agenciareborn.cl\/index.php\/wp-json\/wp\/v2\/pages\/1958\/revisions"}],"predecessor-version":[{"id":7338,"href":"https:\/\/agenciareborn.cl\/index.php\/wp-json\/wp\/v2\/pages\/1958\/revisions\/7338"}],"wp:attachment":[{"href":"https:\/\/agenciareborn.cl\/index.php\/wp-json\/wp\/v2\/media?parent=1958"}],"curies":[{"name":"wp","href":"https:\/\/api.w.org\/{rel}","templated":true}]}}