{"id":5811,"date":"2026-03-19T04:18:38","date_gmt":"2026-03-19T04:18:38","guid":{"rendered":"https:\/\/agenciareborn.cl\/?page_id=5811"},"modified":"2026-04-09T16:18:39","modified_gmt":"2026-04-09T16:18:39","slug":"regalos-corporativos","status":"publish","type":"page","link":"https:\/\/agenciareborn.cl\/index.php\/regalos-corporativos\/","title":{"rendered":"Regalos Corporativos"},"content":{"rendered":"\t\t<div data-elementor-type=\"wp-page\" data-elementor-id=\"5811\" class=\"elementor elementor-5811\" data-elementor-post-type=\"page\">\n\t\t\t\t\t\t<section class=\"elementor-section elementor-top-section elementor-element elementor-element-6dc2b55 elementor-section-boxed elementor-section-height-default elementor-section-height-default\" data-id=\"6dc2b55\" data-element_type=\"section\" data-e-type=\"section\">\n\t\t\t\t\t\t<div class=\"elementor-container elementor-column-gap-default\">\n\t\t\t\t\t<div class=\"elementor-column elementor-col-100 elementor-top-column elementor-element elementor-element-f798ed2 ot-flex-column-vertical\" data-id=\"f798ed2\" data-element_type=\"column\" data-e-type=\"column\">\n\t\t\t<div class=\"elementor-widget-wrap elementor-element-populated\">\n\t\t\t\t\t\t<div class=\"elementor-element elementor-element-e07df3e elementor-widget-tablet__width-initial theratio-align-center elementor-widget elementor-widget-iheading\" data-id=\"e07df3e\" data-element_type=\"widget\" data-e-type=\"widget\" data-widget_type=\"iheading.default\">\n\t\t\t\t<div class=\"elementor-widget-container\">\n\t\t\t\t\t\t\t<div class=\"ot-heading \">\r\n\t        \t        <h5 class=\"main-heading\">Desarrollamos propuestas innovadoras en regalos corporativos alineados a los objetivos de nuestros clientes<\/h5>\t    <\/div>\r\n\t    \t\t\t\t<\/div>\n\t\t\t\t<\/div>\n\t\t\t\t\t<\/div>\n\t\t<\/div>\n\t\t\t\t\t<\/div>\n\t\t<\/section>\n\t\t\t\t<section class=\"elementor-section elementor-top-section elementor-element elementor-element-0838bf5 elementor-section-boxed elementor-section-height-default elementor-section-height-default\" data-id=\"0838bf5\" data-element_type=\"section\" data-e-type=\"section\">\n\t\t\t\t\t\t<div class=\"elementor-container elementor-column-gap-default\">\n\t\t\t\t\t<div class=\"elementor-column elementor-col-100 elementor-top-column elementor-element elementor-element-b935ea4 ot-flex-column-vertical\" data-id=\"b935ea4\" data-element_type=\"column\" data-e-type=\"column\">\n\t\t\t<div class=\"elementor-widget-wrap elementor-element-populated\">\n\t\t\t\t\t\t<div class=\"elementor-element elementor-element-7ab7e53 elementor-widget__width-initial elementor-widget elementor-widget-igimages\" data-id=\"7ab7e53\" data-element_type=\"widget\" data-e-type=\"widget\" data-widget_type=\"igimages.default\">\n\t\t\t\t<div class=\"elementor-widget-container\">\n\t\t\t\t\t\t\t<div class=\"image-gallery\">\r\n\t\t<div id='gallery-1' class='gallery galleryid-5811 gallery-columns-3 gallery-size-medium'><figure class='gallery-item'>\n\t\t\t<div class='gallery-icon landscape'>\n\t\t\t\t<a data-elementor-open-lightbox=\"no\" href='https:\/\/agenciareborn.cl\/wp-content\/uploads\/2026\/03\/merch-foto-5.png'><img fetchpriority=\"high\" decoding=\"async\" width=\"300\" height=\"200\" src=\"https:\/\/agenciareborn.cl\/wp-content\/uploads\/2026\/03\/merch-foto-5-300x200.png\" class=\"attachment-medium size-medium\" alt=\"\" srcset=\"https:\/\/agenciareborn.cl\/wp-content\/uploads\/2026\/03\/merch-foto-5-300x200.png 300w, https:\/\/agenciareborn.cl\/wp-content\/uploads\/2026\/03\/merch-foto-5-1024x683.png 1024w, https:\/\/agenciareborn.cl\/wp-content\/uploads\/2026\/03\/merch-foto-5-768x512.png 768w, https:\/\/agenciareborn.cl\/wp-content\/uploads\/2026\/03\/merch-foto-5.png 1536w\" sizes=\"(max-width: 300px) 100vw, 300px\" \/><\/a>\n\t\t\t<\/div><\/figure><figure class='gallery-item'>\n\t\t\t<div class='gallery-icon landscape'>\n\t\t\t\t<a data-elementor-open-lightbox=\"no\" href='https:\/\/agenciareborn.cl\/wp-content\/uploads\/2026\/03\/merch-foto-3.png'><img decoding=\"async\" width=\"300\" height=\"200\" src=\"https:\/\/agenciareborn.cl\/wp-content\/uploads\/2026\/03\/merch-foto-3-300x200.png\" class=\"attachment-medium size-medium\" alt=\"\" srcset=\"https:\/\/agenciareborn.cl\/wp-content\/uploads\/2026\/03\/merch-foto-3-300x200.png 300w, https:\/\/agenciareborn.cl\/wp-content\/uploads\/2026\/03\/merch-foto-3-1024x683.png 1024w, https:\/\/agenciareborn.cl\/wp-content\/uploads\/2026\/03\/merch-foto-3-768x512.png 768w, https:\/\/agenciareborn.cl\/wp-content\/uploads\/2026\/03\/merch-foto-3.png 1536w\" sizes=\"(max-width: 300px) 100vw, 300px\" \/><\/a>\n\t\t\t<\/div><\/figure><figure class='gallery-item'>\n\t\t\t<div class='gallery-icon landscape'>\n\t\t\t\t<a data-elementor-open-lightbox=\"no\" href='https:\/\/agenciareborn.cl\/wp-content\/uploads\/2026\/03\/merch-foto-2.png'><img decoding=\"async\" width=\"300\" height=\"200\" src=\"https:\/\/agenciareborn.cl\/wp-content\/uploads\/2026\/03\/merch-foto-2-300x200.png\" class=\"attachment-medium size-medium\" alt=\"\" srcset=\"https:\/\/agenciareborn.cl\/wp-content\/uploads\/2026\/03\/merch-foto-2-300x200.png 300w, https:\/\/agenciareborn.cl\/wp-content\/uploads\/2026\/03\/merch-foto-2-1024x683.png 1024w, https:\/\/agenciareborn.cl\/wp-content\/uploads\/2026\/03\/merch-foto-2-768x512.png 768w, https:\/\/agenciareborn.cl\/wp-content\/uploads\/2026\/03\/merch-foto-2.png 1536w\" sizes=\"(max-width: 300px) 100vw, 300px\" \/><\/a>\n\t\t\t<\/div><\/figure><figure class='gallery-item'>\n\t\t\t<div class='gallery-icon landscape'>\n\t\t\t\t<a data-elementor-open-lightbox=\"no\" href='https:\/\/agenciareborn.cl\/wp-content\/uploads\/2026\/03\/merch-foto-1.png'><img loading=\"lazy\" decoding=\"async\" width=\"300\" height=\"200\" src=\"https:\/\/agenciareborn.cl\/wp-content\/uploads\/2026\/03\/merch-foto-1-300x200.png\" class=\"attachment-medium size-medium\" alt=\"\" srcset=\"https:\/\/agenciareborn.cl\/wp-content\/uploads\/2026\/03\/merch-foto-1-300x200.png 300w, https:\/\/agenciareborn.cl\/wp-content\/uploads\/2026\/03\/merch-foto-1-1024x683.png 1024w, https:\/\/agenciareborn.cl\/wp-content\/uploads\/2026\/03\/merch-foto-1-768x512.png 768w, https:\/\/agenciareborn.cl\/wp-content\/uploads\/2026\/03\/merch-foto-1.png 1536w\" sizes=\"(max-width: 300px) 100vw, 300px\" \/><\/a>\n\t\t\t<\/div><\/figure><figure class='gallery-item'>\n\t\t\t<div class='gallery-icon landscape'>\n\t\t\t\t<a data-elementor-open-lightbox=\"no\" href='https:\/\/agenciareborn.cl\/wp-content\/uploads\/2026\/03\/merch-6.png'><img loading=\"lazy\" decoding=\"async\" width=\"300\" height=\"200\" src=\"https:\/\/agenciareborn.cl\/wp-content\/uploads\/2026\/03\/merch-6-300x200.png\" class=\"attachment-medium size-medium\" alt=\"\" srcset=\"https:\/\/agenciareborn.cl\/wp-content\/uploads\/2026\/03\/merch-6-300x200.png 300w, https:\/\/agenciareborn.cl\/wp-content\/uploads\/2026\/03\/merch-6-1024x683.png 1024w, https:\/\/agenciareborn.cl\/wp-content\/uploads\/2026\/03\/merch-6-768x512.png 768w, https:\/\/agenciareborn.cl\/wp-content\/uploads\/2026\/03\/merch-6.png 1536w\" sizes=\"(max-width: 300px) 100vw, 300px\" \/><\/a>\n\t\t\t<\/div><\/figure>\n\t\t<\/div>\n\t\t<\/div>\r\n\t\t\t\t\t\t<\/div>\n\t\t\t\t<\/div>\n\t\t\t\t\t<\/div>\n\t\t<\/div>\n\t\t\t\t\t<\/div>\n\t\t<\/section>\n\t\t\t\t<section class=\"elementor-section elementor-top-section elementor-element elementor-element-3e307c0 elementor-section-boxed elementor-section-height-default elementor-section-height-default\" data-id=\"3e307c0\" data-element_type=\"section\" data-e-type=\"section\">\n\t\t\t\t\t\t<div class=\"elementor-container elementor-column-gap-default\">\n\t\t\t\t\t<div class=\"elementor-column elementor-col-100 elementor-top-column elementor-element elementor-element-5e4f97a ot-flex-column-vertical\" data-id=\"5e4f97a\" data-element_type=\"column\" data-e-type=\"column\">\n\t\t\t<div class=\"elementor-widget-wrap elementor-element-populated\">\n\t\t\t\t\t\t<div class=\"elementor-element elementor-element-14a63e3 elementor-align-center elementor-widget elementor-widget-ibutton\" data-id=\"14a63e3\" data-element_type=\"widget\" data-e-type=\"widget\" data-widget_type=\"ibutton.default\">\n\t\t\t\t<div class=\"elementor-widget-container\">\n\t\t\t\t\t\t\t<div class=\"ot-button\">\r\n\t\t\t<a href=\"#\" class=\"octf-btn octf-btn-dark\">Desacargar Cat\u00e1logo<\/a>\r\n\t    <\/div>\r\n\t    \t\t\t\t<\/div>\n\t\t\t\t<\/div>\n\t\t\t\t\t<\/div>\n\t\t<\/div>\n\t\t\t\t\t<\/div>\n\t\t<\/section>\n\t\t\t\t<section class=\"elementor-section elementor-top-section elementor-element elementor-element-b6803d6 elementor-section-boxed elementor-section-height-default elementor-section-height-default\" data-id=\"b6803d6\" data-element_type=\"section\" data-e-type=\"section\" data-settings=\"{&quot;background_background&quot;:&quot;classic&quot;}\">\n\t\t\t\t\t\t<div class=\"elementor-container elementor-column-gap-extended\">\n\t\t\t\t\t<div class=\"elementor-column elementor-col-33 elementor-top-column elementor-element elementor-element-79ae926 ot-flex-column-vertical\" data-id=\"79ae926\" data-element_type=\"column\" data-e-type=\"column\">\n\t\t\t<div class=\"elementor-widget-wrap elementor-element-populated\">\n\t\t\t\t\t\t<div class=\"elementor-element elementor-element-b8a41ee elementor-widget elementor-widget-iiconbox3\" data-id=\"b8a41ee\" data-element_type=\"widget\" data-e-type=\"widget\" data-widget_type=\"iiconbox3.default\">\n\t\t\t\t<div class=\"elementor-widget-container\">\n\t\t\t\t\t\t\t<div class=\"icon-box icon-box--bg-color icon-box--icon-left\">\r\n\t\t\t<div class=\"icon-main\">\r\n\t\t        \t\t\t    \r\n\t\t\t    \t\t        <span class=\"ot-flaticon-diamond\"><\/span>\t        <\/div>\r\n\t        <div class=\"content-box\">\r\n\t        \t<h5 class=\"icon-box-title\">Profesionalismo<\/h5>\t\t        <p>Excelencia Ejecutiva<\/p>\r\n\t\t\t<\/div>\r\n\t\t\t\t    <\/div>\r\n\t    \t\t\t\t<\/div>\n\t\t\t\t<\/div>\n\t\t\t\t\t<\/div>\n\t\t<\/div>\n\t\t\t\t<div class=\"elementor-column elementor-col-33 elementor-top-column elementor-element elementor-element-1452dbb ot-flex-column-vertical\" data-id=\"1452dbb\" data-element_type=\"column\" data-e-type=\"column\">\n\t\t\t<div class=\"elementor-widget-wrap elementor-element-populated\">\n\t\t\t\t\t\t<div class=\"elementor-element elementor-element-60cfd4b elementor-widget elementor-widget-iiconbox3\" data-id=\"60cfd4b\" data-element_type=\"widget\" data-e-type=\"widget\" data-widget_type=\"iiconbox3.default\">\n\t\t\t\t<div class=\"elementor-widget-container\">\n\t\t\t\t\t\t\t<div class=\"icon-box icon-box--bg-color icon-box--icon-left\">\r\n\t\t\t<div class=\"icon-main\">\r\n\t\t        \t\t\t    \r\n\t\t\t    \t\t        <span class=\"ot-flaticon-box\"><\/span>\t        <\/div>\r\n\t        <div class=\"content-box\">\r\n\t        \t<h5 class=\"icon-box-title\">Experiencia y Habilidades<\/h5>\t\t        <p>Visi\u00f3n Estrat\u00e9gica<\/p>\r\n\t\t\t<\/div>\r\n\t\t\t\t    <\/div>\r\n\t    \t\t\t\t<\/div>\n\t\t\t\t<\/div>\n\t\t\t\t\t<\/div>\n\t\t<\/div>\n\t\t\t\t<div class=\"elementor-column elementor-col-33 elementor-top-column elementor-element elementor-element-db0af56 ot-flex-column-vertical\" data-id=\"db0af56\" data-element_type=\"column\" data-e-type=\"column\">\n\t\t\t<div class=\"elementor-widget-wrap elementor-element-populated\">\n\t\t\t\t\t\t<div class=\"elementor-element elementor-element-fcfd233 elementor-widget elementor-widget-iiconbox3\" data-id=\"fcfd233\" data-element_type=\"widget\" data-e-type=\"widget\" data-widget_type=\"iiconbox3.default\">\n\t\t\t\t<div class=\"elementor-widget-container\">\n\t\t\t\t\t\t\t<div class=\"icon-box icon-box--bg-color icon-box--icon-left\">\r\n\t\t\t<div class=\"icon-main\">\r\n\t\t        \t\t\t    \r\n\t\t\t    \t\t        <span class=\"ot-flaticon-3d-2\"><\/span>\t        <\/div>\r\n\t        <div class=\"content-box\">\r\n\t        \t<h5 class=\"icon-box-title\">Enfoque al Cliente<\/h5>\t\t        <p>Cobertura Regional<\/p>\r\n\t\t\t<\/div>\r\n\t\t\t\t    <\/div>\r\n\t    \t\t\t\t<\/div>\n\t\t\t\t<\/div>\n\t\t\t\t\t<\/div>\n\t\t<\/div>\n\t\t\t\t\t<\/div>\n\t\t<\/section>\n\t\t\t\t<section class=\"elementor-section elementor-top-section elementor-element elementor-element-e8f53e8 elementor-section-boxed elementor-section-height-default elementor-section-height-default\" data-id=\"e8f53e8\" data-element_type=\"section\" data-e-type=\"section\">\n\t\t\t\t\t\t<div class=\"elementor-container elementor-column-gap-default\">\n\t\t\t\t\t<div class=\"elementor-column elementor-col-100 elementor-top-column elementor-element elementor-element-ac427d3 ot-flex-column-vertical\" data-id=\"ac427d3\" data-element_type=\"column\" data-e-type=\"column\">\n\t\t\t<div class=\"elementor-widget-wrap\">\n\t\t\t\t\t\t\t<\/div>\n\t\t<\/div>\n\t\t\t\t\t<\/div>\n\t\t<\/section>\n\t\t\t\t<\/div>\n\t\t","protected":false},"excerpt":{"rendered":"<p>Desarrollamos propuestas innovadoras en regalos corporativos alineados a los objetivos de nuestros clientes Desacargar Cat\u00e1logo Profesionalismo Excelencia Ejecutiva Experiencia y Habilidades Visi\u00f3n Estrat\u00e9gica Enfoque al Cliente Cobertura Regional<\/p>\n","protected":false},"author":1,"featured_media":0,"parent":0,"menu_order":0,"comment_status":"closed","ping_status":"closed","template":"","meta":{"rs_blank_template":"","rs_page_bg_color":"","slide_template_v7":"","footnotes":""},"class_list":["post-5811","page","type-page","status-publish","hentry"],"_links":{"self":[{"href":"https:\/\/agenciareborn.cl\/index.php\/wp-json\/wp\/v2\/pages\/5811","targetHints":{"allow":["GET"]}}],"collection":[{"href":"https:\/\/agenciareborn.cl\/index.php\/wp-json\/wp\/v2\/pages"}],"about":[{"href":"https:\/\/agenciareborn.cl\/index.php\/wp-json\/wp\/v2\/types\/page"}],"author":[{"embeddable":true,"href":"https:\/\/agenciareborn.cl\/index.php\/wp-json\/wp\/v2\/users\/1"}],"replies":[{"embeddable":true,"href":"https:\/\/agenciareborn.cl\/index.php\/wp-json\/wp\/v2\/comments?post=5811"}],"version-history":[{"count":58,"href":"https:\/\/agenciareborn.cl\/index.php\/wp-json\/wp\/v2\/pages\/5811\/revisions"}],"predecessor-version":[{"id":7559,"href":"https:\/\/agenciareborn.cl\/index.php\/wp-json\/wp\/v2\/pages\/5811\/revisions\/7559"}],"wp:attachment":[{"href":"https:\/\/agenciareborn.cl\/index.php\/wp-json\/wp\/v2\/media?parent=5811"}],"curies":[{"name":"wp","href":"https:\/\/api.w.org\/{rel}","templated":true}]}}