{"id":5989,"date":"2026-03-19T11:33:06","date_gmt":"2026-03-19T11:33:06","guid":{"rendered":"https:\/\/agenciareborn.cl\/?page_id=5989"},"modified":"2026-04-09T17:08:06","modified_gmt":"2026-04-09T17:08:06","slug":"activaciones","status":"publish","type":"page","link":"https:\/\/agenciareborn.cl\/index.php\/activaciones\/","title":{"rendered":"Activaciones"},"content":{"rendered":"\t\t<div data-elementor-type=\"wp-page\" data-elementor-id=\"5989\" class=\"elementor elementor-5989\" data-elementor-post-type=\"page\">\n\t\t\t\t\t\t<section class=\"elementor-section elementor-top-section elementor-element elementor-element-6dc2b55 elementor-section-boxed elementor-section-height-default elementor-section-height-default\" data-id=\"6dc2b55\" data-element_type=\"section\" data-e-type=\"section\">\n\t\t\t\t\t\t<div class=\"elementor-container elementor-column-gap-default\">\n\t\t\t\t\t<div class=\"elementor-column elementor-col-100 elementor-top-column elementor-element elementor-element-f798ed2 ot-flex-column-vertical\" data-id=\"f798ed2\" data-element_type=\"column\" data-e-type=\"column\">\n\t\t\t<div class=\"elementor-widget-wrap elementor-element-populated\">\n\t\t\t\t\t\t<div class=\"elementor-element elementor-element-e07df3e elementor-widget-tablet__width-initial theratio-align-center elementor-widget elementor-widget-iheading\" data-id=\"e07df3e\" data-element_type=\"widget\" data-e-type=\"widget\" data-widget_type=\"iheading.default\">\n\t\t\t\t<div class=\"elementor-widget-container\">\n\t\t\t\t\t\t\t<div class=\"ot-heading \">\r\n\t        \t        <h5 class=\"main-heading\">Dise\u00f1amos activaciones de marca innovadoras y cercanas, generando interacciones aut\u00e9nticas que transforman a tus espectadores en protagonistas y embajadores.<\/h5>\t    <\/div>\r\n\t    \t\t\t\t<\/div>\n\t\t\t\t<\/div>\n\t\t\t\t\t<\/div>\n\t\t<\/div>\n\t\t\t\t\t<\/div>\n\t\t<\/section>\n\t\t\t\t<section class=\"elementor-section elementor-top-section elementor-element elementor-element-0838bf5 elementor-section-boxed elementor-section-height-default elementor-section-height-default\" data-id=\"0838bf5\" data-element_type=\"section\" data-e-type=\"section\">\n\t\t\t\t\t\t<div class=\"elementor-container elementor-column-gap-default\">\n\t\t\t\t\t<div class=\"elementor-column elementor-col-100 elementor-top-column elementor-element elementor-element-b935ea4 ot-flex-column-vertical\" data-id=\"b935ea4\" data-element_type=\"column\" data-e-type=\"column\">\n\t\t\t<div class=\"elementor-widget-wrap elementor-element-populated\">\n\t\t\t\t\t\t<div class=\"elementor-element elementor-element-7ab7e53 elementor-widget__width-initial elementor-widget elementor-widget-igimages\" data-id=\"7ab7e53\" data-element_type=\"widget\" data-e-type=\"widget\" data-widget_type=\"igimages.default\">\n\t\t\t\t<div class=\"elementor-widget-container\">\n\t\t\t\t\t\t\t<div class=\"image-gallery\">\r\n\t\t<div id='gallery-1' class='gallery galleryid-5989 gallery-columns-3 gallery-size-medium'><figure class='gallery-item'>\n\t\t\t<div class='gallery-icon landscape'>\n\t\t\t\t<a data-elementor-open-lightbox=\"no\" href='https:\/\/agenciareborn.cl\/wp-content\/uploads\/2026\/04\/vaso-termico.png'><img fetchpriority=\"high\" decoding=\"async\" width=\"300\" height=\"286\" src=\"https:\/\/agenciareborn.cl\/wp-content\/uploads\/2026\/04\/vaso-termico-300x286.png\" class=\"attachment-medium size-medium\" alt=\"\" srcset=\"https:\/\/agenciareborn.cl\/wp-content\/uploads\/2026\/04\/vaso-termico-300x286.png 300w, https:\/\/agenciareborn.cl\/wp-content\/uploads\/2026\/04\/vaso-termico.png 411w\" sizes=\"(max-width: 300px) 100vw, 300px\" \/><\/a>\n\t\t\t<\/div><\/figure><figure class='gallery-item'>\n\t\t\t<div class='gallery-icon landscape'>\n\t\t\t\t<a data-elementor-open-lightbox=\"no\" href='https:\/\/agenciareborn.cl\/wp-content\/uploads\/2026\/04\/porta-credencial.png'><img decoding=\"async\" width=\"300\" height=\"286\" src=\"https:\/\/agenciareborn.cl\/wp-content\/uploads\/2026\/04\/porta-credencial-300x286.png\" class=\"attachment-medium size-medium\" alt=\"\" srcset=\"https:\/\/agenciareborn.cl\/wp-content\/uploads\/2026\/04\/porta-credencial-300x286.png 300w, https:\/\/agenciareborn.cl\/wp-content\/uploads\/2026\/04\/porta-credencial.png 411w\" sizes=\"(max-width: 300px) 100vw, 300px\" \/><\/a>\n\t\t\t<\/div><\/figure><figure class='gallery-item'>\n\t\t\t<div class='gallery-icon landscape'>\n\t\t\t\t<a data-elementor-open-lightbox=\"no\" href='https:\/\/agenciareborn.cl\/wp-content\/uploads\/2026\/04\/02_pendon-ok.png'><img decoding=\"async\" width=\"300\" height=\"286\" src=\"https:\/\/agenciareborn.cl\/wp-content\/uploads\/2026\/04\/02_pendon-ok-300x286.png\" class=\"attachment-medium size-medium\" alt=\"\" srcset=\"https:\/\/agenciareborn.cl\/wp-content\/uploads\/2026\/04\/02_pendon-ok-300x286.png 300w, https:\/\/agenciareborn.cl\/wp-content\/uploads\/2026\/04\/02_pendon-ok.png 411w\" sizes=\"(max-width: 300px) 100vw, 300px\" \/><\/a>\n\t\t\t<\/div><\/figure><figure class='gallery-item'>\n\t\t\t<div class='gallery-icon landscape'>\n\t\t\t\t<a data-elementor-open-lightbox=\"no\" href='https:\/\/agenciareborn.cl\/wp-content\/uploads\/2026\/04\/lanyards.png'><img loading=\"lazy\" decoding=\"async\" width=\"300\" height=\"270\" src=\"https:\/\/agenciareborn.cl\/wp-content\/uploads\/2026\/04\/lanyards-300x270.png\" class=\"attachment-medium size-medium\" alt=\"\" srcset=\"https:\/\/agenciareborn.cl\/wp-content\/uploads\/2026\/04\/lanyards-300x270.png 300w, https:\/\/agenciareborn.cl\/wp-content\/uploads\/2026\/04\/lanyards.png 435w\" sizes=\"(max-width: 300px) 100vw, 300px\" \/><\/a>\n\t\t\t<\/div><\/figure><figure class='gallery-item'>\n\t\t\t<div class='gallery-icon landscape'>\n\t\t\t\t<a data-elementor-open-lightbox=\"no\" href='https:\/\/agenciareborn.cl\/wp-content\/uploads\/2026\/04\/libreta_lapiz.png'><img loading=\"lazy\" decoding=\"async\" width=\"300\" height=\"270\" src=\"https:\/\/agenciareborn.cl\/wp-content\/uploads\/2026\/04\/libreta_lapiz-300x270.png\" class=\"attachment-medium size-medium\" alt=\"\" srcset=\"https:\/\/agenciareborn.cl\/wp-content\/uploads\/2026\/04\/libreta_lapiz-300x270.png 300w, https:\/\/agenciareborn.cl\/wp-content\/uploads\/2026\/04\/libreta_lapiz.png 435w\" sizes=\"(max-width: 300px) 100vw, 300px\" \/><\/a>\n\t\t\t<\/div><\/figure><figure class='gallery-item'>\n\t\t\t<div class='gallery-icon landscape'>\n\t\t\t\t<a data-elementor-open-lightbox=\"no\" href='https:\/\/agenciareborn.cl\/wp-content\/uploads\/2026\/04\/polera.png'><img loading=\"lazy\" decoding=\"async\" width=\"300\" height=\"270\" src=\"https:\/\/agenciareborn.cl\/wp-content\/uploads\/2026\/04\/polera-300x270.png\" class=\"attachment-medium size-medium\" alt=\"\" srcset=\"https:\/\/agenciareborn.cl\/wp-content\/uploads\/2026\/04\/polera-300x270.png 300w, https:\/\/agenciareborn.cl\/wp-content\/uploads\/2026\/04\/polera.png 435w\" sizes=\"(max-width: 300px) 100vw, 300px\" \/><\/a>\n\t\t\t<\/div><\/figure><figure class='gallery-item'>\n\t\t\t<div class='gallery-icon landscape'>\n\t\t\t\t<a data-elementor-open-lightbox=\"no\" href='https:\/\/agenciareborn.cl\/wp-content\/uploads\/2026\/04\/ruleta.png'><img loading=\"lazy\" decoding=\"async\" width=\"300\" height=\"270\" src=\"https:\/\/agenciareborn.cl\/wp-content\/uploads\/2026\/04\/ruleta-300x270.png\" class=\"attachment-medium size-medium\" alt=\"\" srcset=\"https:\/\/agenciareborn.cl\/wp-content\/uploads\/2026\/04\/ruleta-300x270.png 300w, https:\/\/agenciareborn.cl\/wp-content\/uploads\/2026\/04\/ruleta.png 435w\" sizes=\"(max-width: 300px) 100vw, 300px\" \/><\/a>\n\t\t\t<\/div><\/figure><figure class='gallery-item'>\n\t\t\t<div class='gallery-icon landscape'>\n\t\t\t\t<a data-elementor-open-lightbox=\"no\" href='https:\/\/agenciareborn.cl\/wp-content\/uploads\/2026\/04\/jockey-oka.png'><img loading=\"lazy\" decoding=\"async\" width=\"300\" height=\"286\" src=\"https:\/\/agenciareborn.cl\/wp-content\/uploads\/2026\/04\/jockey-oka-300x286.png\" class=\"attachment-medium size-medium\" alt=\"\" srcset=\"https:\/\/agenciareborn.cl\/wp-content\/uploads\/2026\/04\/jockey-oka-300x286.png 300w, https:\/\/agenciareborn.cl\/wp-content\/uploads\/2026\/04\/jockey-oka.png 411w\" sizes=\"(max-width: 300px) 100vw, 300px\" \/><\/a>\n\t\t\t<\/div><\/figure>\n\t\t<\/div>\n\t\t<\/div>\r\n\t\t\t\t\t\t<\/div>\n\t\t\t\t<\/div>\n\t\t\t\t\t<\/div>\n\t\t<\/div>\n\t\t\t\t\t<\/div>\n\t\t<\/section>\n\t\t\t\t<section class=\"elementor-section elementor-top-section elementor-element elementor-element-3e307c0 elementor-section-boxed elementor-section-height-default elementor-section-height-default\" data-id=\"3e307c0\" data-element_type=\"section\" data-e-type=\"section\">\n\t\t\t\t\t\t<div class=\"elementor-container elementor-column-gap-default\">\n\t\t\t\t\t<div class=\"elementor-column elementor-col-100 elementor-top-column elementor-element elementor-element-5e4f97a ot-flex-column-vertical\" data-id=\"5e4f97a\" data-element_type=\"column\" data-e-type=\"column\">\n\t\t\t<div class=\"elementor-widget-wrap elementor-element-populated\">\n\t\t\t\t\t\t<div class=\"elementor-element elementor-element-14a63e3 elementor-align-center elementor-widget elementor-widget-ibutton\" data-id=\"14a63e3\" data-element_type=\"widget\" data-e-type=\"widget\" data-widget_type=\"ibutton.default\">\n\t\t\t\t<div class=\"elementor-widget-container\">\n\t\t\t\t\t\t\t<div class=\"ot-button\">\r\n\t\t\t<a href=\"https:\/\/agenciareborn.cl\/index.php\/contacts\/\" class=\"octf-btn octf-btn-dark no-line\">Cont\u00e1ctanos<\/a>\r\n\t    <\/div>\r\n\t    \t\t\t\t<\/div>\n\t\t\t\t<\/div>\n\t\t\t\t\t<\/div>\n\t\t<\/div>\n\t\t\t\t\t<\/div>\n\t\t<\/section>\n\t\t\t\t<section class=\"elementor-section elementor-top-section elementor-element elementor-element-e8f53e8 elementor-section-boxed elementor-section-height-default elementor-section-height-default\" data-id=\"e8f53e8\" data-element_type=\"section\" data-e-type=\"section\">\n\t\t\t\t\t\t<div class=\"elementor-container elementor-column-gap-default\">\n\t\t\t\t\t<div class=\"elementor-column elementor-col-100 elementor-top-column elementor-element elementor-element-ac427d3 ot-flex-column-vertical\" data-id=\"ac427d3\" data-element_type=\"column\" data-e-type=\"column\">\n\t\t\t<div class=\"elementor-widget-wrap\">\n\t\t\t\t\t\t\t<\/div>\n\t\t<\/div>\n\t\t\t\t\t<\/div>\n\t\t<\/section>\n\t\t\t\t<\/div>\n\t\t","protected":false},"excerpt":{"rendered":"<p>Dise\u00f1amos activaciones de marca innovadoras y cercanas, generando interacciones aut\u00e9nticas que transforman a tus espectadores en protagonistas y embajadores. Cont\u00e1ctanos<\/p>\n","protected":false},"author":1,"featured_media":0,"parent":0,"menu_order":0,"comment_status":"closed","ping_status":"closed","template":"","meta":{"rs_blank_template":"","rs_page_bg_color":"","slide_template_v7":"","footnotes":""},"class_list":["post-5989","page","type-page","status-publish","hentry"],"_links":{"self":[{"href":"https:\/\/agenciareborn.cl\/index.php\/wp-json\/wp\/v2\/pages\/5989","targetHints":{"allow":["GET"]}}],"collection":[{"href":"https:\/\/agenciareborn.cl\/index.php\/wp-json\/wp\/v2\/pages"}],"about":[{"href":"https:\/\/agenciareborn.cl\/index.php\/wp-json\/wp\/v2\/types\/page"}],"author":[{"embeddable":true,"href":"https:\/\/agenciareborn.cl\/index.php\/wp-json\/wp\/v2\/users\/1"}],"replies":[{"embeddable":true,"href":"https:\/\/agenciareborn.cl\/index.php\/wp-json\/wp\/v2\/comments?post=5989"}],"version-history":[{"count":61,"href":"https:\/\/agenciareborn.cl\/index.php\/wp-json\/wp\/v2\/pages\/5989\/revisions"}],"predecessor-version":[{"id":7600,"href":"https:\/\/agenciareborn.cl\/index.php\/wp-json\/wp\/v2\/pages\/5989\/revisions\/7600"}],"wp:attachment":[{"href":"https:\/\/agenciareborn.cl\/index.php\/wp-json\/wp\/v2\/media?parent=5989"}],"curies":[{"name":"wp","href":"https:\/\/api.w.org\/{rel}","templated":true}]}}